{"id":3104,"date":"2022-11-03T10:43:08","date_gmt":"2022-11-03T09:43:08","guid":{"rendered":"https:\/\/ruchers-de-trevaresse.com\/?post_type=product&#038;p=3104"},"modified":"2026-03-14T09:34:23","modified_gmt":"2026-03-14T08:34:23","slug":"miel-ab-garrigue-ete-500g","status":"publish","type":"product","link":"https:\/\/ruchers-de-trevaresse.com\/?product=miel-ab-garrigue-ete-500g","title":{"rendered":"Miel AB de Garrigue d&rsquo;Et\u00e9 &#8211; 250g"},"content":{"rendered":"<p>Ce miel AB polyfloral de Garrigue d&rsquo;Et\u00e9 a \u00e9t\u00e9 r\u00e9colt\u00e9 d\u00e9but septembre 2025. On y retrouve principalement des nectars de ronces, dorycnium, ch\u00e2taigniers, et lavandes ainsi que du miellat r\u00e9colt\u00e9s par les abeilles durant tout l&rsquo;\u00e9t\u00e9.<\/p>\n","protected":false},"excerpt":{"rendered":"<p>Ce miel AB de Garrigue d&rsquo;Et\u00e9 pr\u00e9sente des ar\u00f4mes doux et fruit\u00e9s.<\/p>\n","protected":false},"featured_media":3324,"comment_status":"open","ping_status":"closed","template":"","meta":{"_uag_custom_page_level_css":"","site-sidebar-layout":"default","site-content-layout":"plain-container","ast-site-content-layout":"normal-width-container","site-content-style":"unboxed","site-sidebar-style":"unboxed","ast-global-header-display":"","ast-banner-title-visibility":"","ast-main-header-display":"","ast-hfb-above-header-display":"","ast-hfb-below-header-display":"","ast-hfb-mobile-header-display":"","site-post-title":"","ast-breadcrumbs-content":"","ast-featured-img":"","footer-sml-layout":"","ast-disable-related-posts":"","theme-transparent-header-meta":"default","adv-header-id-meta":"","stick-header-meta":"","header-above-stick-meta":"","header-main-stick-meta":"","header-below-stick-meta":"","astra-migrate-meta-layouts":"set","ast-page-background-enabled":"default","ast-page-background-meta":{"desktop":{"background-color":"var(--ast-global-color-4)","background-image":"","background-repeat":"repeat","background-position":"center center","background-size":"auto","background-attachment":"scroll","background-type":"","background-media":"","overlay-type":"","overlay-color":"","overlay-opacity":"","overlay-gradient":""},"tablet":{"background-color":"","background-image":"","background-repeat":"repeat","background-position":"center center","background-size":"auto","background-attachment":"scroll","background-type":"","background-media":"","overlay-type":"","overlay-color":"","overlay-opacity":"","overlay-gradient":""},"mobile":{"background-color":"","background-image":"","background-repeat":"repeat","background-position":"center center","background-size":"auto","background-attachment":"scroll","background-type":"","background-media":"","overlay-type":"","overlay-color":"","overlay-opacity":"","overlay-gradient":""}},"ast-content-background-meta":{"desktop":{"background-color":"var(--ast-global-color-5)","background-image":"","background-repeat":"repeat","background-position":"center center","background-size":"auto","background-attachment":"scroll","background-type":"","background-media":"","overlay-type":"","overlay-color":"","overlay-opacity":"","overlay-gradient":""},"tablet":{"background-color":"var(--ast-global-color-5)","background-image":"","background-repeat":"repeat","background-position":"center center","background-size":"auto","background-attachment":"scroll","background-type":"","background-media":"","overlay-type":"","overlay-color":"","overlay-opacity":"","overlay-gradient":""},"mobile":{"background-color":"var(--ast-global-color-5)","background-image":"","background-repeat":"repeat","background-position":"center center","background-size":"auto","background-attachment":"scroll","background-type":"","background-media":"","overlay-type":"","overlay-color":"","overlay-opacity":"","overlay-gradient":""}}},"product_brand":[],"product_cat":[35,19],"product_tag":[76],"class_list":{"0":"post-3104","1":"product","2":"type-product","3":"status-publish","4":"has-post-thumbnail","6":"product_cat-miel-polyfloral-dete","7":"product_cat-miel-de-provence","8":"product_tag-miel-bio","9":"desktop-align-center","10":"tablet-align-left","11":"mobile-align-left","13":"first","14":"instock","15":"shipping-taxable","16":"purchasable","17":"product-type-simple"},"yoast_head":"<!-- This site is optimized with the Yoast SEO plugin v27.4 - https:\/\/yoast.com\/product\/yoast-seo-wordpress\/ -->\n<title>Miel AB de Garrigue d&#039;Et\u00e9 - 250g - Les Ruchers de la Trevaresse<\/title>\n<meta name=\"description\" content=\"Ce miel AB polyfloral de Garrigue d&#039;Et\u00e9, r\u00e9colt\u00e9 en septembre 2025, est doux et fruit\u00e9. On y retrouve des nectars de ronces, ch\u00e2taigniers et lavandes.\" \/>\n<meta name=\"robots\" content=\"index, follow, max-snippet:-1, max-image-preview:large, max-video-preview:-1\" \/>\n<link rel=\"canonical\" href=\"https:\/\/ruchers-de-trevaresse.com\/?product=miel-ab-garrigue-ete-500g\" \/>\n<meta property=\"og:locale\" content=\"fr_FR\" \/>\n<meta property=\"og:type\" content=\"article\" \/>\n<meta property=\"og:title\" content=\"Miel AB de Garrigue d&#039;Et\u00e9 - 250g - Les Ruchers de la Trevaresse\" \/>\n<meta property=\"og:description\" content=\"Ce miel AB polyfloral de Garrigue d&#039;Et\u00e9, r\u00e9colt\u00e9 en septembre 2025, est doux et fruit\u00e9. On y retrouve des nectars de ronces, ch\u00e2taigniers et lavandes.\" \/>\n<meta property=\"og:url\" content=\"https:\/\/ruchers-de-trevaresse.com\/?product=miel-ab-garrigue-ete-500g\" \/>\n<meta property=\"og:site_name\" content=\"Les Ruchers de la Trevaresse\" \/>\n<meta property=\"article:modified_time\" content=\"2026-03-14T08:34:23+00:00\" \/>\n<meta property=\"og:image\" content=\"https:\/\/ruchers-de-trevaresse.com\/wp-content\/uploads\/2022\/11\/ruchers-trevaresse-miel-garrigue-ete-bio-250g-1-scaled.jpg\" \/>\n\t<meta property=\"og:image:width\" content=\"1920\" \/>\n\t<meta property=\"og:image:height\" content=\"2560\" \/>\n\t<meta property=\"og:image:type\" content=\"image\/jpeg\" \/>\n<meta name=\"twitter:card\" content=\"summary_large_image\" \/>\n<meta name=\"twitter:label1\" content=\"Dur\u00e9e de lecture estim\u00e9e\" \/>\n\t<meta name=\"twitter:data1\" content=\"1 minute\" \/>\n<script type=\"application\/ld+json\" class=\"yoast-schema-graph\">{\"@context\":\"https:\\\/\\\/schema.org\",\"@graph\":[{\"@type\":\"WebPage\",\"@id\":\"https:\\\/\\\/ruchers-de-trevaresse.com\\\/?product=miel-ab-garrigue-ete-500g\",\"url\":\"https:\\\/\\\/ruchers-de-trevaresse.com\\\/?product=miel-ab-garrigue-ete-500g\",\"name\":\"Miel AB de Garrigue d'Et\u00e9 - 250g - Les Ruchers de la Trevaresse\",\"isPartOf\":{\"@id\":\"https:\\\/\\\/ruchers-de-trevaresse.com\\\/#website\"},\"primaryImageOfPage\":{\"@id\":\"https:\\\/\\\/ruchers-de-trevaresse.com\\\/?product=miel-ab-garrigue-ete-500g#primaryimage\"},\"image\":{\"@id\":\"https:\\\/\\\/ruchers-de-trevaresse.com\\\/?product=miel-ab-garrigue-ete-500g#primaryimage\"},\"thumbnailUrl\":\"https:\\\/\\\/ruchers-de-trevaresse.com\\\/wp-content\\\/uploads\\\/2022\\\/11\\\/ruchers-trevaresse-miel-garrigue-ete-bio-250g-1-scaled.jpg\",\"datePublished\":\"2022-11-03T09:43:08+00:00\",\"dateModified\":\"2026-03-14T08:34:23+00:00\",\"description\":\"Ce miel AB polyfloral de Garrigue d'Et\u00e9, r\u00e9colt\u00e9 en septembre 2025, est doux et fruit\u00e9. On y retrouve des nectars de ronces, ch\u00e2taigniers et lavandes.\",\"breadcrumb\":{\"@id\":\"https:\\\/\\\/ruchers-de-trevaresse.com\\\/?product=miel-ab-garrigue-ete-500g#breadcrumb\"},\"inLanguage\":\"fr-FR\",\"potentialAction\":[{\"@type\":\"ReadAction\",\"target\":[\"https:\\\/\\\/ruchers-de-trevaresse.com\\\/?product=miel-ab-garrigue-ete-500g\"]}]},{\"@type\":\"ImageObject\",\"inLanguage\":\"fr-FR\",\"@id\":\"https:\\\/\\\/ruchers-de-trevaresse.com\\\/?product=miel-ab-garrigue-ete-500g#primaryimage\",\"url\":\"https:\\\/\\\/ruchers-de-trevaresse.com\\\/wp-content\\\/uploads\\\/2022\\\/11\\\/ruchers-trevaresse-miel-garrigue-ete-bio-250g-1-scaled.jpg\",\"contentUrl\":\"https:\\\/\\\/ruchers-de-trevaresse.com\\\/wp-content\\\/uploads\\\/2022\\\/11\\\/ruchers-trevaresse-miel-garrigue-ete-bio-250g-1-scaled.jpg\",\"width\":1920,\"height\":2560,\"caption\":\"miel garrigue \u00e9t\u00e9 bio\"},{\"@type\":\"BreadcrumbList\",\"@id\":\"https:\\\/\\\/ruchers-de-trevaresse.com\\\/?product=miel-ab-garrigue-ete-500g#breadcrumb\",\"itemListElement\":[{\"@type\":\"ListItem\",\"position\":1,\"name\":\"Accueil\",\"item\":\"https:\\\/\\\/ruchers-de-trevaresse.com\\\/\"},{\"@type\":\"ListItem\",\"position\":2,\"name\":\"Boutique V3\",\"item\":\"https:\\\/\\\/ruchers-de-trevaresse.com\\\/?page_id=2740\"},{\"@type\":\"ListItem\",\"position\":3,\"name\":\"Miel AB de Garrigue d&rsquo;Et\u00e9 &#8211; 250g\"}]},{\"@type\":\"WebSite\",\"@id\":\"https:\\\/\\\/ruchers-de-trevaresse.com\\\/#website\",\"url\":\"https:\\\/\\\/ruchers-de-trevaresse.com\\\/\",\"name\":\"Les Ruchers de la Trevaresse\",\"description\":\"\",\"potentialAction\":[{\"@type\":\"SearchAction\",\"target\":{\"@type\":\"EntryPoint\",\"urlTemplate\":\"https:\\\/\\\/ruchers-de-trevaresse.com\\\/?s={search_term_string}\"},\"query-input\":{\"@type\":\"PropertyValueSpecification\",\"valueRequired\":true,\"valueName\":\"search_term_string\"}}],\"inLanguage\":\"fr-FR\"}]}<\/script>\n<!-- \/ Yoast SEO plugin. -->","yoast_head_json":{"title":"Miel AB de Garrigue d'Et\u00e9 - 250g - Les Ruchers de la Trevaresse","description":"Ce miel AB polyfloral de Garrigue d'Et\u00e9, r\u00e9colt\u00e9 en septembre 2025, est doux et fruit\u00e9. On y retrouve des nectars de ronces, ch\u00e2taigniers et lavandes.","robots":{"index":"index","follow":"follow","max-snippet":"max-snippet:-1","max-image-preview":"max-image-preview:large","max-video-preview":"max-video-preview:-1"},"canonical":"https:\/\/ruchers-de-trevaresse.com\/?product=miel-ab-garrigue-ete-500g","og_locale":"fr_FR","og_type":"article","og_title":"Miel AB de Garrigue d'Et\u00e9 - 250g - Les Ruchers de la Trevaresse","og_description":"Ce miel AB polyfloral de Garrigue d'Et\u00e9, r\u00e9colt\u00e9 en septembre 2025, est doux et fruit\u00e9. On y retrouve des nectars de ronces, ch\u00e2taigniers et lavandes.","og_url":"https:\/\/ruchers-de-trevaresse.com\/?product=miel-ab-garrigue-ete-500g","og_site_name":"Les Ruchers de la Trevaresse","article_modified_time":"2026-03-14T08:34:23+00:00","og_image":[{"width":1920,"height":2560,"url":"https:\/\/ruchers-de-trevaresse.com\/wp-content\/uploads\/2022\/11\/ruchers-trevaresse-miel-garrigue-ete-bio-250g-1-scaled.jpg","type":"image\/jpeg"}],"twitter_card":"summary_large_image","twitter_misc":{"Dur\u00e9e de lecture estim\u00e9e":"1 minute"},"schema":{"@context":"https:\/\/schema.org","@graph":[{"@type":"WebPage","@id":"https:\/\/ruchers-de-trevaresse.com\/?product=miel-ab-garrigue-ete-500g","url":"https:\/\/ruchers-de-trevaresse.com\/?product=miel-ab-garrigue-ete-500g","name":"Miel AB de Garrigue d'Et\u00e9 - 250g - Les Ruchers de la Trevaresse","isPartOf":{"@id":"https:\/\/ruchers-de-trevaresse.com\/#website"},"primaryImageOfPage":{"@id":"https:\/\/ruchers-de-trevaresse.com\/?product=miel-ab-garrigue-ete-500g#primaryimage"},"image":{"@id":"https:\/\/ruchers-de-trevaresse.com\/?product=miel-ab-garrigue-ete-500g#primaryimage"},"thumbnailUrl":"https:\/\/ruchers-de-trevaresse.com\/wp-content\/uploads\/2022\/11\/ruchers-trevaresse-miel-garrigue-ete-bio-250g-1-scaled.jpg","datePublished":"2022-11-03T09:43:08+00:00","dateModified":"2026-03-14T08:34:23+00:00","description":"Ce miel AB polyfloral de Garrigue d'Et\u00e9, r\u00e9colt\u00e9 en septembre 2025, est doux et fruit\u00e9. On y retrouve des nectars de ronces, ch\u00e2taigniers et lavandes.","breadcrumb":{"@id":"https:\/\/ruchers-de-trevaresse.com\/?product=miel-ab-garrigue-ete-500g#breadcrumb"},"inLanguage":"fr-FR","potentialAction":[{"@type":"ReadAction","target":["https:\/\/ruchers-de-trevaresse.com\/?product=miel-ab-garrigue-ete-500g"]}]},{"@type":"ImageObject","inLanguage":"fr-FR","@id":"https:\/\/ruchers-de-trevaresse.com\/?product=miel-ab-garrigue-ete-500g#primaryimage","url":"https:\/\/ruchers-de-trevaresse.com\/wp-content\/uploads\/2022\/11\/ruchers-trevaresse-miel-garrigue-ete-bio-250g-1-scaled.jpg","contentUrl":"https:\/\/ruchers-de-trevaresse.com\/wp-content\/uploads\/2022\/11\/ruchers-trevaresse-miel-garrigue-ete-bio-250g-1-scaled.jpg","width":1920,"height":2560,"caption":"miel garrigue \u00e9t\u00e9 bio"},{"@type":"BreadcrumbList","@id":"https:\/\/ruchers-de-trevaresse.com\/?product=miel-ab-garrigue-ete-500g#breadcrumb","itemListElement":[{"@type":"ListItem","position":1,"name":"Accueil","item":"https:\/\/ruchers-de-trevaresse.com\/"},{"@type":"ListItem","position":2,"name":"Boutique V3","item":"https:\/\/ruchers-de-trevaresse.com\/?page_id=2740"},{"@type":"ListItem","position":3,"name":"Miel AB de Garrigue d&rsquo;Et\u00e9 &#8211; 250g"}]},{"@type":"WebSite","@id":"https:\/\/ruchers-de-trevaresse.com\/#website","url":"https:\/\/ruchers-de-trevaresse.com\/","name":"Les Ruchers de la Trevaresse","description":"","potentialAction":[{"@type":"SearchAction","target":{"@type":"EntryPoint","urlTemplate":"https:\/\/ruchers-de-trevaresse.com\/?s={search_term_string}"},"query-input":{"@type":"PropertyValueSpecification","valueRequired":true,"valueName":"search_term_string"}}],"inLanguage":"fr-FR"}]}},"uagb_featured_image_src":{"full":["https:\/\/ruchers-de-trevaresse.com\/wp-content\/uploads\/2022\/11\/ruchers-trevaresse-miel-garrigue-ete-bio-250g-1-scaled.jpg",1920,2560,false],"thumbnail":["https:\/\/ruchers-de-trevaresse.com\/wp-content\/uploads\/2022\/11\/ruchers-trevaresse-miel-garrigue-ete-bio-250g-1-150x150.jpg",150,150,true],"medium":["https:\/\/ruchers-de-trevaresse.com\/wp-content\/uploads\/2022\/11\/ruchers-trevaresse-miel-garrigue-ete-bio-250g-1-225x300.jpg",225,300,true],"medium_large":["https:\/\/ruchers-de-trevaresse.com\/wp-content\/uploads\/2022\/11\/ruchers-trevaresse-miel-garrigue-ete-bio-250g-1-768x1024.jpg",768,1024,true],"large":["https:\/\/ruchers-de-trevaresse.com\/wp-content\/uploads\/2022\/11\/ruchers-trevaresse-miel-garrigue-ete-bio-250g-1-768x1024.jpg",768,1024,true],"1536x1536":["https:\/\/ruchers-de-trevaresse.com\/wp-content\/uploads\/2022\/11\/ruchers-trevaresse-miel-garrigue-ete-bio-250g-1-1152x1536.jpg",1152,1536,true],"2048x2048":["https:\/\/ruchers-de-trevaresse.com\/wp-content\/uploads\/2022\/11\/ruchers-trevaresse-miel-garrigue-ete-bio-250g-1-1536x2048.jpg",1536,2048,true],"wishsuite-image":["https:\/\/ruchers-de-trevaresse.com\/wp-content\/uploads\/2022\/11\/ruchers-trevaresse-miel-garrigue-ete-bio-250g-1-60x80.jpg",60,80,true],"ever-compare-image":["https:\/\/ruchers-de-trevaresse.com\/wp-content\/uploads\/2022\/11\/ruchers-trevaresse-miel-garrigue-ete-bio-250g-1-300x300.jpg",300,300,true],"woocommerce_thumbnail":["https:\/\/ruchers-de-trevaresse.com\/wp-content\/uploads\/2022\/11\/ruchers-trevaresse-miel-garrigue-ete-bio-250g-1-300x300.jpg",300,300,true],"woocommerce_single":["https:\/\/ruchers-de-trevaresse.com\/wp-content\/uploads\/2022\/11\/ruchers-trevaresse-miel-garrigue-ete-bio-250g-1-600x800.jpg",600,800,true],"woocommerce_gallery_thumbnail":["https:\/\/ruchers-de-trevaresse.com\/wp-content\/uploads\/2022\/11\/ruchers-trevaresse-miel-garrigue-ete-bio-250g-1-100x100.jpg",100,100,true]},"uagb_author_info":{"display_name":"admin2667","author_link":"https:\/\/ruchers-de-trevaresse.com\/?author=0"},"uagb_comment_info":0,"uagb_excerpt":"Ce miel AB de Garrigue d'Et\u00e9 pr\u00e9sente des ar\u00f4mes doux et fruit\u00e9s.","_links":{"self":[{"href":"https:\/\/ruchers-de-trevaresse.com\/index.php?rest_route=\/wp\/v2\/product\/3104","targetHints":{"allow":["GET"]}}],"collection":[{"href":"https:\/\/ruchers-de-trevaresse.com\/index.php?rest_route=\/wp\/v2\/product"}],"about":[{"href":"https:\/\/ruchers-de-trevaresse.com\/index.php?rest_route=\/wp\/v2\/types\/product"}],"replies":[{"embeddable":true,"href":"https:\/\/ruchers-de-trevaresse.com\/index.php?rest_route=%2Fwp%2Fv2%2Fcomments&post=3104"}],"version-history":[{"count":5,"href":"https:\/\/ruchers-de-trevaresse.com\/index.php?rest_route=\/wp\/v2\/product\/3104\/revisions"}],"predecessor-version":[{"id":4673,"href":"https:\/\/ruchers-de-trevaresse.com\/index.php?rest_route=\/wp\/v2\/product\/3104\/revisions\/4673"}],"wp:featuredmedia":[{"embeddable":true,"href":"https:\/\/ruchers-de-trevaresse.com\/index.php?rest_route=\/wp\/v2\/media\/3324"}],"wp:attachment":[{"href":"https:\/\/ruchers-de-trevaresse.com\/index.php?rest_route=%2Fwp%2Fv2%2Fmedia&parent=3104"}],"wp:term":[{"taxonomy":"product_brand","embeddable":true,"href":"https:\/\/ruchers-de-trevaresse.com\/index.php?rest_route=%2Fwp%2Fv2%2Fproduct_brand&post=3104"},{"taxonomy":"product_cat","embeddable":true,"href":"https:\/\/ruchers-de-trevaresse.com\/index.php?rest_route=%2Fwp%2Fv2%2Fproduct_cat&post=3104"},{"taxonomy":"product_tag","embeddable":true,"href":"https:\/\/ruchers-de-trevaresse.com\/index.php?rest_route=%2Fwp%2Fv2%2Fproduct_tag&post=3104"}],"curies":[{"name":"wp","href":"https:\/\/api.w.org\/{rel}","templated":true}]}}